{"id":38968,"date":"2026-04-08T08:27:59","date_gmt":"2026-04-08T07:27:59","guid":{"rendered":"https:\/\/dnbf.org\/produkt\/anapanasati-workshop\/"},"modified":"2026-04-08T16:19:03","modified_gmt":"2026-04-08T15:19:03","slug":"anapanasati-workshop","status":"publish","type":"product","link":"https:\/\/dnbf.org\/en\/produkt\/anapanasati-workshop\/","title":{"rendered":"\u0100n\u0101p\u0101nasati workshop"},"content":{"rendered":"<div class=\"fusion-fullwidth fullwidth-box fusion-builder-row-1 fusion-flex-container has-pattern-background has-mask-background nonhundred-percent-fullwidth non-hundred-percent-height-scrolling\" style=\"--awb-border-radius-top-left:0px;--awb-border-radius-top-right:0px;--awb-border-radius-bottom-right:0px;--awb-border-radius-bottom-left:0px;--awb-padding-right:0px;--awb-padding-left:0px;--awb-flex-wrap:wrap;\" ><div class=\"fusion-builder-row fusion-row fusion-flex-align-items-flex-start fusion-flex-content-wrap\" style=\"max-width:1456px;margin-left: calc(-4% \/ 2 );margin-right: calc(-4% \/ 2 );\"><div class=\"fusion-layout-column fusion_builder_column fusion-builder-column-0 fusion_builder_column_1_1 1_1 fusion-flex-column\" style=\"--awb-bg-size:cover;--awb-width-large:100%;--awb-margin-top-large:0px;--awb-spacing-right-large:1.92%;--awb-margin-bottom-large:20px;--awb-spacing-left-large:1.92%;--awb-width-medium:100%;--awb-order-medium:0;--awb-spacing-right-medium:1.92%;--awb-spacing-left-medium:1.92%;--awb-width-small:100%;--awb-order-small:0;--awb-spacing-right-small:1.92%;--awb-spacing-left-small:1.92%;\"><div class=\"fusion-column-wrapper fusion-column-has-shadow fusion-flex-justify-content-flex-start fusion-content-layout-column\"><div class=\"fusion-text fusion-text-1\"><p>Throughout this weekend, we will explore together how the mindfulness of the breath can open the door to a deeper calm, clarity and insight \u2013 a way back to the quiet center that is always present within us. Over the course of two calm and focused days, you will learn how mindfulness in each breath can awaken a natural balance, and how the uneasiness of the mind can gradually melt away into presence and kindness.<\/p>\n<p>Find full information on this website:<br \/>\n<a href=\"https:\/\/dnbf.org\/en\/2026\/04\/anapanasati-workshop\/\">https:\/\/dnbf.org\/2026\/04\/anapanasati-workshop\/<\/a><\/p>\n<\/div><\/div><\/div><\/div><\/div>\n","protected":false},"excerpt":{"rendered":"<p>We invite you to a weekend of inspiration, reflection, questions and answers about Mindfulness of Breathing, a practice rooted in the heart of Buddhist practice. Norwegian Ajahn Brahmali will lead this weekend 4-5 July 2026.<\/p>\n<p>We rent premises at Northern Light Yoga, Rosenborggata 9a, 0356 Oslo.<\/p>\n<p>All our events are carried out with volunteer resources at approximately self-cost, but the society must pay for premises and equipment, and we hope you can make a donation to the society&#8217;s development.<\/p>\n","protected":false},"featured_media":38986,"template":"","meta":[],"product_brand":[],"product_cat":[61],"product_tag":[],"class_list":{"0":"post-38968","1":"product","2":"type-product","3":"status-publish","4":"has-post-thumbnail","6":"product_cat-uncategorized","8":"first","9":"instock","10":"sold-individually","11":"shipping-taxable","12":"purchasable","13":"product-type-variable"},"_links":{"self":[{"href":"https:\/\/dnbf.org\/en\/wp-json\/wp\/v2\/product\/38968","targetHints":{"allow":["GET"]}}],"collection":[{"href":"https:\/\/dnbf.org\/en\/wp-json\/wp\/v2\/product"}],"about":[{"href":"https:\/\/dnbf.org\/en\/wp-json\/wp\/v2\/types\/product"}],"wp:featuredmedia":[{"embeddable":true,"href":"https:\/\/dnbf.org\/en\/wp-json\/wp\/v2\/media\/38986"}],"wp:attachment":[{"href":"https:\/\/dnbf.org\/en\/wp-json\/wp\/v2\/media?parent=38968"}],"wp:term":[{"taxonomy":"product_brand","embeddable":true,"href":"https:\/\/dnbf.org\/en\/wp-json\/wp\/v2\/product_brand?post=38968"},{"taxonomy":"product_cat","embeddable":true,"href":"https:\/\/dnbf.org\/en\/wp-json\/wp\/v2\/product_cat?post=38968"},{"taxonomy":"product_tag","embeddable":true,"href":"https:\/\/dnbf.org\/en\/wp-json\/wp\/v2\/product_tag?post=38968"}],"curies":[{"name":"wp","href":"https:\/\/api.w.org\/{rel}","templated":true}]}}